{"id":13175,"date":"2019-06-04T16:29:45","date_gmt":"2019-06-04T14:29:45","guid":{"rendered":"https:\/\/alvityl.be\/?page_id=13175"},"modified":"2020-07-24T14:56:34","modified_gmt":"2020-07-24T12:56:34","slug":"wettelijke-vermeldingen","status":"publish","type":"page","link":"https:\/\/alvityl.be\/nl\/wettelijke-vermeldingen\/","title":{"rendered":"Wettelijke vermeldingen"},"content":{"rendered":"<div class=\"fusion-fullwidth fullwidth-box fusion-builder-row-1 nonhundred-percent-fullwidth non-hundred-percent-height-scrolling\" style=\"--awb-border-radius-top-left:0px;--awb-border-radius-top-right:0px;--awb-border-radius-bottom-right:0px;--awb-border-radius-bottom-left:0px;--awb-padding-right:15px;--awb-padding-left:15px;--awb-background-color:#ffffff;--awb-flex-wrap:wrap;\" ><div class=\"fusion-builder-row fusion-row\"><div class=\"fusion-layout-column fusion_builder_column fusion-builder-column-0 fusion_builder_column_1_1 1_1 fusion-one-full fusion-column-first fusion-column-last\" style=\"--awb-bg-size:cover;--awb-margin-bottom:0px;\"><div class=\"fusion-column-wrapper fusion-flex-column-wrapper-legacy\"><div class=\"fusion-text fusion-text-1\"><p><strong>Edition<\/strong><\/p>\n<p>Deze website wordt uitgegeven door:<\/p>\n<p>LABORATOIRES URGO HEALTHCARE, soci\u00e9t\u00e9 par actions simplifi\u00e9e (vereenvoudigde vennootschap op aandelen)<\/p>\n<p>Met maatschappelijke zetel te:<\/p>\n<p>Rue de Longvic 42, 21300 Chen\u00f4ve, Frankrijk, ingeschreven in het handels- en vennootschapsregister van Dijon onder het nummer 798 251 559<\/p>\n<p><strong>Hoofdredacteur<\/strong><\/p>\n<p>De heer Briac LE LOUS in zijn hoedanigheid van Algemeen Directeur van LABORATOIRES URGO HEALTHCARE<\/p>\n<p><strong>Redactionele verantwoordelijkheid<\/strong><\/p>\n<p>De redactionele verantwoordelijkheid wordt verzekerd door LABORATOIRES URGO HEALTHCARE SAS. Idee\u00ebn, informatie en reacties op de website kunt u ons meedelen via de contactrubriek onderaan de pagina.<\/p>\n<p><strong>Ontwerp en ontwikkeling van de website<\/strong><\/p>\n<p>Plan.Net \u2013 Maison de la Communication<\/p>\n<p>Rue du Moulin des Bruy\u00e8res 9 \u2013 92400 Courbevoie \u2013 Frankrijk<\/p>\n<p><strong>Hosting<\/strong><\/p>\n<p>De website wordt gehost door LABORATOIRES URGO HEALTHCARE SAS te Rue de Longvic 42, 21300 Chen\u00f4ve, Frankrijk.<\/p>\n<p><strong>Intellectuele eigendom<\/strong><\/p>\n<p>Deze website valt in zijn geheel onder de\u00a0Belgische en internationale wetgeving wat betreft auteursrechten en literaire en artistieke eigendomsrechten. De toegang tot de informatie op de website door de gebruiker kan geenszins worden opgevat als de verlening van een licentie of een ander recht dan dat om de website te raadplegen. Alle rechten op reproductie zijn voorbehouden, inclusief iconografische en fotografische afbeeldingen. De op de website vermelde merken zijn al dan niet gedeponeerd door de ondernemingen wiens eigendom ze zijn. Elke gehele of gedeeltelijke al dan niet elektronische huidige of toekomstige reproductie en\/of weergave en\/of verspreiding is dan ook verboden, tenzij met de voorafgaande uitdrukkelijke toestemming van de eigenaar. Het niet-naleven van dit verbod kan worden beschouwd als vervalsing, waarvoor de overtreder burgerlijk en strafrechtelijk aansprakelijk kan worden gehouden.<\/p>\n<p>LABORATOIRES URGO HEALTHCARE waarschuwt dat het zijn intellectuele-eigendomsrechten via alle beschikbare wettelijke middelen zal handhaven.<\/p>\n<p><strong>Hyperlinks<\/strong><\/p>\n<p>De hyperlinks op de website www.alvityl.be die de bezoekers doorsturen naar andere websites maken LABORATOIRES URGO HEALTHCARE niet aansprakelijk voor de inhoud van die websites en voor websites waarnaar nieuwe links zouden kunnen verwijzen.<\/p>\n<p>Elke natuurlijke persoon of rechtspersoon die een hyperlink wil plaatsen naar de website www.alvityl.be heeft daarvoor de voorafgaande en uitdrukkelijke toestemming van LABORATOIRES URGO HEALTHCARE nodig, die per post kan worden aangevraagd op het eerder vermelde adres.<\/p>\n<p><strong>Aansprakelijkheid<\/strong><\/p>\n<p>LABORATOIRES URGO HEALTHCARE biedt geen enkele expliciete of impliciete garantie wat betreft de website www.alvityl.be in zijn geheel of een deel ervan. LABORATOIRES URGO HEALTHCARE stelt alles in het werk om correcte en actuele informatie aan te bieden op de website, maar kan dat niet garanderen; het kan niet aansprakelijk worden gehouden voor fouten of hiaten in de inhoud van de website.<\/p>\n<p>LABORATOIRES URGO HEALTHCARE kan in geen geval aansprakelijk worden gehouden voor rechtstreekse of onrechtstreekse schade van welke aard dan ook die voortvloeit uit het gebruik van de website www.alvityl.be of het feit dat de website onbereikbaar is.<\/p>\n<p>LABORATOIRES URGO HEALTHCARE aanvaardt geen enkele aansprakelijkheid wat betreft de toegang tot en inhoud van websites die verband houden met www.alvityl.be en websites waarnaar nieuwe links kunnen verwijzen.<\/p>\n<p>LABORATOIRES URGO HEALTHCARE behoudt zich het recht voor om zonder voorafgaande kennisgeving om het even welk element van de website te wijzigen en kan niet aansprakelijk worden gehouden voor mogelijke gevolgen van die wijzigingen. Ook kan het niet aansprakelijk worden gehouden voor problemen met de toegang tot de website of voor onderbrekingen van de verbinding.<\/p>\n<p>LABORATOIRES URGO HEALTHCARE behoudt zich het recht voor om de verspreiding van www.alvityl.be eenzijdig en zonder voorafgaande kennisgeving te onderbreken of te be\u00ebindigen zonder dat het daardoor voor eender welke gebeurtenis aansprakelijk kan worden gehouden.<\/p>\n<p>LABORATOIRES URGO HEALTHCARE verwerpt in het algemeen iedere aansprakelijkheid in geval van rechtstreekse of onrechtstreekse schade, ongeacht de oorzaak, oorsprong, aard of gevolgen, die voortvloeit uit de toegang tot de website of het gebruik van informatie op de website. De gebruiker draagt de volledige aansprakelijkheid en de risico&#8217;s die eruit kunnen voortvloeien.<\/p>\n<p><strong>Wijziging van de wettelijke vermeldingen<\/strong><\/p>\n<p>LABORATOIRES URGO HEALTHCARE behoudt zich het recht voor om eenzijdig en zonder voorafgaande kennisgeving deze wettelijke vermeldingen te wijzigen.<\/p>\n<p>LABORATOIRES URGO HEALTHCARE raadt daarom de gebruikers aan om deze wettelijke vermeldingen regelmatig te raadplegen om op de hoogte te blijven van eventuele wijzigingen.<\/p>\n<\/div><div class=\"fusion-clearfix\"><\/div><\/div><\/div><\/div><\/div><div class=\"fusion-fullwidth fullwidth-box fusion-builder-row-2 nonhundred-percent-fullwidth non-hundred-percent-height-scrolling\" style=\"--awb-border-radius-top-left:0px;--awb-border-radius-top-right:0px;--awb-border-radius-bottom-right:0px;--awb-border-radius-bottom-left:0px;--awb-padding-right:15px;--awb-padding-left:15px;--awb-background-color:#f2f6f5;--awb-flex-wrap:wrap;\" ><div class=\"fusion-builder-row fusion-row\"><div class=\"fusion-layout-column fusion_builder_column fusion-builder-column-1 fusion_builder_column_1_1 1_1 fusion-one-full fusion-column-first fusion-column-last\" style=\"--awb-bg-size:cover;--awb-margin-bottom:0px;\"><div class=\"fusion-column-wrapper fusion-flex-column-wrapper-legacy\"><div class=\"fusion-sep-clear\"><\/div><div class=\"fusion-separator fusion-full-width-sep separator2\" style=\"margin-left: auto;margin-right: auto;margin-top:-13px;width:100%;\"><\/div><div class=\"fusion-sep-clear\"><\/div><div class=\"fusion-text fusion-text-2\"><h2><strong>Beleid wat betreft de vertrouwelijkheid van persoonsgegevens<\/strong><\/h2>\n<\/div><div class=\"fusion-text fusion-text-3\"><h3><strong>Artikel\u00a01<\/strong><\/h3>\n<ol>\n<li>\n<h4><strong>Verzameling van persoonsgegevens<\/strong><\/h4>\n<\/li>\n<\/ol>\n<p>Er worden bij de inschrijving via het contactformulier rechtstreeks van de gebruiker persoonsgegevens verzameld.<\/p>\n<p>U kunt de cookievoorkeuren wijzigen:<\/p>\n<p><button class=\"gdpr-preferences\" type=\"button\" onclick=\"tarteaucitron.userInterface.openPanel();\">cookievoorkeuren wijzigen<\/button><\/p>\n<ol start=\"2\">\n<li>\n<h4><strong>Doeleinden<\/strong><\/h4>\n<\/li>\n<\/ol>\n<p>De verwerking van persoonsgegevens door onze onderneming via het contactformulier vindt plaats voor de volgende doeleinden:<\/p>\n<ul>\n<li>het beheren en uitsturen van mailings of newsletters en commerci\u00eble prospectie bij gebruikers die daarvoor hun toestemming hebben gegeven;<\/li>\n<li>het beheren, verwerken en beantwoorden van vragen, aanvragen en verzoeken van gebruikers;<\/li>\n<li>het beheren en verwerken van aanvragen voor inzage in, rectificatie of wissing van gegevens en bezwaar tegen of beperking van de verwerking.<\/li>\n<\/ul>\n<ol start=\"3\">\n<li>\n<h4><strong>Juistheid en actualiteit van de gegevens<\/strong><\/h4>\n<\/li>\n<\/ol>\n<p>Het is de taak van de gebruikers die hun gegevens verschaffen om de juistheid en actualiteit daarvan te verzekeren. Door het valideren van het formulier verklaart en garandeert de gebruiker dat hij kennis heeft genomen van dit Beleid en ermee instemt het na te leven.<\/p>\n<ol start=\"4\">\n<li><strong>Doorgifte<\/strong><\/li>\n<\/ol>\n<p>De door onze onderneming verzamelde persoonsgegevens worden in geen geval doorgegeven aan derden voor commerci\u00eble doeleinden. Ze kunnen wel worden doorgegeven aan technische dienstverleners die mee instaan voor het bereiken van de bovenvermelde doeleinden.<\/p>\n<ol start=\"5\">\n<li>\n<h4><strong>Bewaartermijn van de gegevens<\/strong><\/h4>\n<\/li>\n<\/ol>\n<p>De verzamelde persoonsgegevens worden bewaard en gebruikt voor een termijn die overeenstemt met de geldende wetgeving en\/of normen.<\/p>\n<p>De verzamelde persoonsgegevens worden bijgevolg gewist bij het optreden van een van de volgende gebeurtenissen:<\/p>\n<ul>\n<li>einde van de bewaartermijn<\/li>\n<li>uitoefening van het recht op wissing door een gebruiker in overeenstemming met de toepasselijke regelgeving en de modaliteiten bepaald in punt\u00a07 hieronder.<\/li>\n<\/ul>\n<ol start=\"6\">\n<li>\n<h4><strong>Vertrouwelijkheid en integriteit<\/strong><\/h4>\n<\/li>\n<\/ol>\n<p>Onze onderneming past de nodige veiligheidsmaatregelen toe om de vertrouwelijkheid en de integriteit van de verwerkte persoonsgegevens te bewaren.<\/p>\n<p>Onze onderneming kan echter niet garanderen dat die maatregelen elk risico op openbaarmaking van de persoonsgegevens voorkomen en kan niet aansprakelijk worden gehouden voor eender welk veiligheidsprobleem, met name voor frauduleus gedrag van derden of veiligheidsproblemen veroorzaakt door de gebruiker.<\/p>\n<p>Er is geen doorgifte van persoonsgegevens voorzien naar landen waarvan het beschermingsniveau niet overeenstemt met de geldende wetgeving.<\/p>\n<ol start=\"7\">\n<li>\n<h4><strong>Recht op inzage\/rectificatie en wissing\/beperking\/bezwaar<\/strong><\/h4>\n<\/li>\n<\/ol>\n<p>In overeenstemming met de toepasselijke wetgeving hebben de gebruikers het recht op inzage, rectificatie, wissing en beperking van de verwerking van hun persoonsgegevens die door onze onderneming worden verwerkt. De gebruikers hebben ook het recht om bezwaar te maken tegen de verwerking van hun persoonsgegevens voor prospectiedoeleinden.<\/p>\n<p>Gebruikers kunnen te allen tijde en zonder een reden te moeten aangeven hun rechten uitoefenen via het contactformulier op onze website of een brief naar het volgende adres: Laboratoires URGO HealthCare, Service Consommateurs (Klantendienst) \u2013 Rue de Longvic 42, 21300 Chen\u00f4ve, Frankrijk. Ze moeten daarbij ook een bewijs van hun identiteit voegen.<\/p>\n<\/div><div class=\"fusion-clearfix\"><\/div><\/div><\/div><\/div><\/div>\n","protected":false},"excerpt":{"rendered":"","protected":false},"author":25,"featured_media":0,"parent":0,"menu_order":0,"comment_status":"closed","ping_status":"closed","template":"page-simple.php","meta":{"_acf_changed":false,"footnotes":""},"class_list":["post-13175","page","type-page","status-publish","hentry"],"acf":[],"yoast_head":"<!-- This site is optimized with the Yoast SEO plugin v27.0 - https:\/\/yoast.com\/product\/yoast-seo-wordpress\/ -->\n<title>Wettelijke vermeldingen - Alvityl<\/title>\n<meta name=\"robots\" content=\"noindex, follow\" \/>\n<meta property=\"og:locale\" content=\"nl_NL\" \/>\n<meta property=\"og:type\" content=\"article\" \/>\n<meta property=\"og:title\" content=\"Wettelijke vermeldingen - Alvityl\" \/>\n<meta property=\"og:url\" content=\"https:\/\/alvityl.be\/nl\/wettelijke-vermeldingen\/\" \/>\n<meta property=\"og:site_name\" content=\"Alvityl\" \/>\n<meta property=\"article:modified_time\" content=\"2020-07-24T12:56:34+00:00\" \/>\n<meta property=\"og:image\" content=\"https:\/\/alvityl.be\/wp-content\/uploads\/2012\/11\/logo-footer.png\" \/>\n\t<meta property=\"og:image:width\" content=\"141\" \/>\n\t<meta property=\"og:image:height\" content=\"60\" \/>\n\t<meta property=\"og:image:type\" content=\"image\/png\" \/>\n<meta name=\"twitter:card\" content=\"summary_large_image\" \/>\n<meta name=\"twitter:label1\" content=\"Geschatte leestijd\" \/>\n\t<meta name=\"twitter:data1\" content=\"8 minuten\" \/>\n<script type=\"application\/ld+json\" class=\"yoast-schema-graph\">{\"@context\":\"https:\/\/schema.org\",\"@graph\":[{\"@type\":\"WebPage\",\"@id\":\"https:\/\/alvityl.be\/nl\/wettelijke-vermeldingen\/\",\"url\":\"https:\/\/alvityl.be\/nl\/wettelijke-vermeldingen\/\",\"name\":\"Wettelijke vermeldingen - Alvityl\",\"isPartOf\":{\"@id\":\"https:\/\/alvityl.be\/nl\/#website\"},\"datePublished\":\"2019-06-04T14:29:45+00:00\",\"dateModified\":\"2020-07-24T12:56:34+00:00\",\"breadcrumb\":{\"@id\":\"https:\/\/alvityl.be\/nl\/wettelijke-vermeldingen\/#breadcrumb\"},\"inLanguage\":\"nl-NL\",\"potentialAction\":[{\"@type\":\"ReadAction\",\"target\":[\"https:\/\/alvityl.be\/nl\/wettelijke-vermeldingen\/\"]}]},{\"@type\":\"BreadcrumbList\",\"@id\":\"https:\/\/alvityl.be\/nl\/wettelijke-vermeldingen\/#breadcrumb\",\"itemListElement\":[{\"@type\":\"ListItem\",\"position\":1,\"name\":\"Home\",\"item\":\"https:\/\/alvityl.be\/nl\/\"},{\"@type\":\"ListItem\",\"position\":2,\"name\":\"Wettelijke vermeldingen\"}]},{\"@type\":\"WebSite\",\"@id\":\"https:\/\/alvityl.be\/nl\/#website\",\"url\":\"https:\/\/alvityl.be\/nl\/\",\"name\":\"Alvityl\",\"description\":\"\",\"publisher\":{\"@id\":\"https:\/\/alvityl.be\/nl\/#organization\"},\"potentialAction\":[{\"@type\":\"SearchAction\",\"target\":{\"@type\":\"EntryPoint\",\"urlTemplate\":\"https:\/\/alvityl.be\/nl\/?s={search_term_string}\"},\"query-input\":{\"@type\":\"PropertyValueSpecification\",\"valueRequired\":true,\"valueName\":\"search_term_string\"}}],\"inLanguage\":\"nl-NL\"},{\"@type\":\"Organization\",\"@id\":\"https:\/\/alvityl.be\/nl\/#organization\",\"name\":\"Alvityl\",\"url\":\"https:\/\/alvityl.be\/nl\/\",\"logo\":{\"@type\":\"ImageObject\",\"inLanguage\":\"nl-NL\",\"@id\":\"https:\/\/alvityl.be\/nl\/#\/schema\/logo\/image\/\",\"url\":\"https:\/\/alvityl.be\/wp-content\/uploads\/2012\/11\/logo-footer.png\",\"contentUrl\":\"https:\/\/alvityl.be\/wp-content\/uploads\/2012\/11\/logo-footer.png\",\"width\":141,\"height\":60,\"caption\":\"Alvityl\"},\"image\":{\"@id\":\"https:\/\/alvityl.be\/nl\/#\/schema\/logo\/image\/\"}}]}<\/script>\n<!-- \/ Yoast SEO plugin. -->","yoast_head_json":{"title":"Wettelijke vermeldingen - Alvityl","robots":{"index":"noindex","follow":"follow"},"og_locale":"nl_NL","og_type":"article","og_title":"Wettelijke vermeldingen - Alvityl","og_url":"https:\/\/alvityl.be\/nl\/wettelijke-vermeldingen\/","og_site_name":"Alvityl","article_modified_time":"2020-07-24T12:56:34+00:00","og_image":[{"width":141,"height":60,"url":"https:\/\/alvityl.be\/wp-content\/uploads\/2012\/11\/logo-footer.png","type":"image\/png"}],"twitter_card":"summary_large_image","twitter_misc":{"Geschatte leestijd":"8 minuten"},"schema":{"@context":"https:\/\/schema.org","@graph":[{"@type":"WebPage","@id":"https:\/\/alvityl.be\/nl\/wettelijke-vermeldingen\/","url":"https:\/\/alvityl.be\/nl\/wettelijke-vermeldingen\/","name":"Wettelijke vermeldingen - Alvityl","isPartOf":{"@id":"https:\/\/alvityl.be\/nl\/#website"},"datePublished":"2019-06-04T14:29:45+00:00","dateModified":"2020-07-24T12:56:34+00:00","breadcrumb":{"@id":"https:\/\/alvityl.be\/nl\/wettelijke-vermeldingen\/#breadcrumb"},"inLanguage":"nl-NL","potentialAction":[{"@type":"ReadAction","target":["https:\/\/alvityl.be\/nl\/wettelijke-vermeldingen\/"]}]},{"@type":"BreadcrumbList","@id":"https:\/\/alvityl.be\/nl\/wettelijke-vermeldingen\/#breadcrumb","itemListElement":[{"@type":"ListItem","position":1,"name":"Home","item":"https:\/\/alvityl.be\/nl\/"},{"@type":"ListItem","position":2,"name":"Wettelijke vermeldingen"}]},{"@type":"WebSite","@id":"https:\/\/alvityl.be\/nl\/#website","url":"https:\/\/alvityl.be\/nl\/","name":"Alvityl","description":"","publisher":{"@id":"https:\/\/alvityl.be\/nl\/#organization"},"potentialAction":[{"@type":"SearchAction","target":{"@type":"EntryPoint","urlTemplate":"https:\/\/alvityl.be\/nl\/?s={search_term_string}"},"query-input":{"@type":"PropertyValueSpecification","valueRequired":true,"valueName":"search_term_string"}}],"inLanguage":"nl-NL"},{"@type":"Organization","@id":"https:\/\/alvityl.be\/nl\/#organization","name":"Alvityl","url":"https:\/\/alvityl.be\/nl\/","logo":{"@type":"ImageObject","inLanguage":"nl-NL","@id":"https:\/\/alvityl.be\/nl\/#\/schema\/logo\/image\/","url":"https:\/\/alvityl.be\/wp-content\/uploads\/2012\/11\/logo-footer.png","contentUrl":"https:\/\/alvityl.be\/wp-content\/uploads\/2012\/11\/logo-footer.png","width":141,"height":60,"caption":"Alvityl"},"image":{"@id":"https:\/\/alvityl.be\/nl\/#\/schema\/logo\/image\/"}}]}},"_links":{"self":[{"href":"https:\/\/alvityl.be\/nl\/wp-json\/wp\/v2\/pages\/13175","targetHints":{"allow":["GET"]}}],"collection":[{"href":"https:\/\/alvityl.be\/nl\/wp-json\/wp\/v2\/pages"}],"about":[{"href":"https:\/\/alvityl.be\/nl\/wp-json\/wp\/v2\/types\/page"}],"author":[{"embeddable":true,"href":"https:\/\/alvityl.be\/nl\/wp-json\/wp\/v2\/users\/25"}],"replies":[{"embeddable":true,"href":"https:\/\/alvityl.be\/nl\/wp-json\/wp\/v2\/comments?post=13175"}],"version-history":[{"count":3,"href":"https:\/\/alvityl.be\/nl\/wp-json\/wp\/v2\/pages\/13175\/revisions"}],"predecessor-version":[{"id":13984,"href":"https:\/\/alvityl.be\/nl\/wp-json\/wp\/v2\/pages\/13175\/revisions\/13984"}],"wp:attachment":[{"href":"https:\/\/alvityl.be\/nl\/wp-json\/wp\/v2\/media?parent=13175"}],"curies":[{"name":"wp","href":"https:\/\/api.w.org\/{rel}","templated":true}]}}