{"id":13170,"date":"2019-06-04T15:47:13","date_gmt":"2019-06-04T13:47:13","guid":{"rendered":"https:\/\/alvityl.be\/?page_id=13170"},"modified":"2024-10-21T15:22:57","modified_gmt":"2024-10-21T13:22:57","slug":"weerstand","status":"publish","type":"page","link":"https:\/\/alvityl.be\/nl\/weerstand\/","title":{"rendered":"Vitamines voor de immunologische afweer | Alvityl\u00ae Weerstand"},"content":{"rendered":"<div class=\"fusion-fullwidth fullwidth-box fusion-builder-row-1 nonhundred-percent-fullwidth non-hundred-percent-height-scrolling\" style=\"--awb-border-radius-top-left:0px;--awb-border-radius-top-right:0px;--awb-border-radius-bottom-right:0px;--awb-border-radius-bottom-left:0px;--awb-flex-wrap:wrap;\" ><div class=\"fusion-builder-row fusion-row\"><div class=\"fusion-layout-column fusion_builder_column fusion-builder-column-0 fusion_builder_column_1_1 1_1 fusion-one-full fusion-column-first fusion-column-last\" style=\"--awb-bg-size:cover;\"><div class=\"fusion-column-wrapper fusion-flex-column-wrapper-legacy\"><div class=\"fusion-text fusion-text-1\"><h1>Voedingssupplementen<strong> Alvityl\u00ae Weerstand<\/strong><\/h1>\n<\/div><div class=\"fusion-clearfix\"><\/div><\/div><\/div><div class=\"fusion-layout-column fusion_builder_column fusion-builder-column-1 fusion_builder_column_1_2 1_2 fusion-one-half fusion-column-first\" style=\"--awb-bg-size:cover;width:50%;width:calc(50% - ( ( 4% ) * 05 ) );margin-right: 4%;\"><div class=\"fusion-column-wrapper fusion-flex-column-wrapper-legacy\"><div class=\"fusion-image-element in-legacy-container\" style=\"--awb-caption-title-font-family:var(--h2_typography-font-family);--awb-caption-title-font-weight:var(--h2_typography-font-weight);--awb-caption-title-font-style:var(--h2_typography-font-style);--awb-caption-title-size:var(--h2_typography-font-size);--awb-caption-title-transform:var(--h2_typography-text-transform);--awb-caption-title-line-height:var(--h2_typography-line-height);--awb-caption-title-letter-spacing:var(--h2_typography-letter-spacing);\"><span class=\" fusion-imageframe imageframe-none imageframe-1 hover-type-none\"><img decoding=\"async\" width=\"300\" height=\"300\" alt=\"La gamme Alvityl D\u00e9fenses contient Alvityl D\u00e9fenses Sirop, Alvityl D\u00e9fenses Comprim\u00e9s, Alvityl R\u00e9sistance de l&#039;organisme Fioles, Alvityl Immunistim G\u00e9lules, Alvityl Vitamine D3 Spray.\" title=\"ALvityl_Gamme_d\u00e9fense\" src=\"https:\/\/alvityl.be\/wp-content\/uploads\/2024\/03\/ALvityl_Gamme_defense-300x300.png\" class=\"img-responsive wp-image-15472\" srcset=\"https:\/\/alvityl.be\/wp-content\/uploads\/2024\/03\/ALvityl_Gamme_defense-200x200.png 200w, https:\/\/alvityl.be\/wp-content\/uploads\/2024\/03\/ALvityl_Gamme_defense-400x400.png 400w, https:\/\/alvityl.be\/wp-content\/uploads\/2024\/03\/ALvityl_Gamme_defense.png 600w\" sizes=\"(max-width: 800px) 100vw, 300px\" \/><\/span><\/div><div class=\"fusion-clearfix\"><\/div><\/div><\/div><div class=\"fusion-layout-column fusion_builder_column fusion-builder-column-2 fusion_builder_column_1_2 1_2 fusion-one-half fusion-column-last\" style=\"--awb-bg-size:cover;--awb-margin-top:20px;width:50%;width:calc(50% - ( ( 4% ) * 05 ) );\"><div class=\"fusion-column-wrapper fusion-flex-column-wrapper-legacy\"><div class=\"fusion-text fusion-text-2\"><h2><strong>Winterkwaaltjes, verzwakte natuurlijke weerstand?<\/strong><\/h2>\n<\/div><div class=\"fusion-text fusion-text-3\"><p>Het hele jaar door en vooral tijdens de winter vragen we veel van ons lichaam en moet het aanvallen van buitenaf afweren. De herstelperiodes kunnen soms lang en moeilijk zijn. Zowel kinderen als volwassenen kunnen dan wat ondersteuning gebruiken voor hun afweermechanisme.<\/p>\n<\/div><div class=\"fusion-text fusion-text-4\"><h2>Bestaan er echt &#8220;vitamines voor het immuunsysteem&#8221;?<\/h2>\n<\/div><div class=\"fusion-text fusion-text-5\"><p>Vitamines A, B6, B12, C en D zijn bijzonder erkend voor hun rol in de immuniteitsafweer, vooral wanneer ze gecombineerd worden met bepaalde mineralen (koper, ijzer, selenium, zink). Een evenwichtige voeding die deze voedingsstoffen levert, is essentieel voor het behoud van een gezond lichaam.<\/p>\n<\/div><div class=\"fusion-clearfix\"><\/div><\/div><\/div><\/div><\/div>\n","protected":false},"excerpt":{"rendered":"","protected":false},"author":25,"featured_media":0,"parent":0,"menu_order":0,"comment_status":"closed","ping_status":"closed","template":"categorie-filter.php","meta":{"_acf_changed":false,"footnotes":""},"class_list":["post-13170","page","type-page","status-publish","hentry"],"acf":[],"yoast_head":"<!-- This site is optimized with the Yoast SEO plugin v27.0 - https:\/\/yoast.com\/product\/yoast-seo-wordpress\/ -->\n<title>Voedingssupplementen en vitamines voor de immunologische afweer | Alvityl\u00ae Weerstand<\/title>\n<meta name=\"description\" content=\"Ontdek ons assortiment vitamines dat speciaal ontwikkeld is om uw immuunsysteem te versterken: vitamine D, C, zink en natuurlijke ingredi\u00ebnten.\" \/>\n<meta name=\"robots\" content=\"index, follow, max-snippet:-1, max-image-preview:large, max-video-preview:-1\" \/>\n<link rel=\"canonical\" href=\"https:\/\/alvityl.be\/nl\/weerstand\/\" \/>\n<meta property=\"og:locale\" content=\"nl_NL\" \/>\n<meta property=\"og:type\" content=\"article\" \/>\n<meta property=\"og:title\" content=\"Voedingssupplementen en vitamines voor de immunologische afweer | Alvityl\u00ae Weerstand\" \/>\n<meta property=\"og:description\" content=\"Ontdek ons assortiment vitamines dat speciaal ontwikkeld is om uw immuunsysteem te versterken: vitamine D, C, zink en natuurlijke ingredi\u00ebnten.\" \/>\n<meta property=\"og:url\" content=\"https:\/\/alvityl.be\/nl\/weerstand\/\" \/>\n<meta property=\"og:site_name\" content=\"Alvityl\" \/>\n<meta property=\"article:modified_time\" content=\"2024-10-21T13:22:57+00:00\" \/>\n<meta property=\"og:image\" content=\"https:\/\/alvityl.be\/wp-content\/uploads\/2012\/11\/logo-footer.png\" \/>\n\t<meta property=\"og:image:width\" content=\"141\" \/>\n\t<meta property=\"og:image:height\" content=\"60\" \/>\n\t<meta property=\"og:image:type\" content=\"image\/png\" \/>\n<meta name=\"twitter:card\" content=\"summary_large_image\" \/>\n<meta name=\"twitter:label1\" content=\"Geschatte leestijd\" \/>\n\t<meta name=\"twitter:data1\" content=\"5 minuten\" \/>\n<script type=\"application\/ld+json\" class=\"yoast-schema-graph\">{\"@context\":\"https:\/\/schema.org\",\"@graph\":[{\"@type\":\"WebPage\",\"@id\":\"https:\/\/alvityl.be\/nl\/weerstand\/\",\"url\":\"https:\/\/alvityl.be\/nl\/weerstand\/\",\"name\":\"Voedingssupplementen en vitamines voor de immunologische afweer | Alvityl\u00ae Weerstand\",\"isPartOf\":{\"@id\":\"https:\/\/alvityl.be\/nl\/#website\"},\"datePublished\":\"2019-06-04T13:47:13+00:00\",\"dateModified\":\"2024-10-21T13:22:57+00:00\",\"description\":\"Ontdek ons assortiment vitamines dat speciaal ontwikkeld is om uw immuunsysteem te versterken: vitamine D, C, zink en natuurlijke ingredi\u00ebnten.\",\"breadcrumb\":{\"@id\":\"https:\/\/alvityl.be\/nl\/weerstand\/#breadcrumb\"},\"inLanguage\":\"nl-NL\",\"potentialAction\":[{\"@type\":\"ReadAction\",\"target\":[\"https:\/\/alvityl.be\/nl\/weerstand\/\"]}]},{\"@type\":\"BreadcrumbList\",\"@id\":\"https:\/\/alvityl.be\/nl\/weerstand\/#breadcrumb\",\"itemListElement\":[{\"@type\":\"ListItem\",\"position\":1,\"name\":\"Home\",\"item\":\"https:\/\/alvityl.be\/nl\/\"},{\"@type\":\"ListItem\",\"position\":2,\"name\":\"Vitamines voor de immunologische afweer | Alvityl\u00ae Weerstand\"}]},{\"@type\":\"WebSite\",\"@id\":\"https:\/\/alvityl.be\/nl\/#website\",\"url\":\"https:\/\/alvityl.be\/nl\/\",\"name\":\"Alvityl\",\"description\":\"\",\"publisher\":{\"@id\":\"https:\/\/alvityl.be\/nl\/#organization\"},\"potentialAction\":[{\"@type\":\"SearchAction\",\"target\":{\"@type\":\"EntryPoint\",\"urlTemplate\":\"https:\/\/alvityl.be\/nl\/?s={search_term_string}\"},\"query-input\":{\"@type\":\"PropertyValueSpecification\",\"valueRequired\":true,\"valueName\":\"search_term_string\"}}],\"inLanguage\":\"nl-NL\"},{\"@type\":\"Organization\",\"@id\":\"https:\/\/alvityl.be\/nl\/#organization\",\"name\":\"Alvityl\",\"url\":\"https:\/\/alvityl.be\/nl\/\",\"logo\":{\"@type\":\"ImageObject\",\"inLanguage\":\"nl-NL\",\"@id\":\"https:\/\/alvityl.be\/nl\/#\/schema\/logo\/image\/\",\"url\":\"https:\/\/alvityl.be\/wp-content\/uploads\/2012\/11\/logo-footer.png\",\"contentUrl\":\"https:\/\/alvityl.be\/wp-content\/uploads\/2012\/11\/logo-footer.png\",\"width\":141,\"height\":60,\"caption\":\"Alvityl\"},\"image\":{\"@id\":\"https:\/\/alvityl.be\/nl\/#\/schema\/logo\/image\/\"}}]}<\/script>\n<!-- \/ Yoast SEO plugin. -->","yoast_head_json":{"title":"Voedingssupplementen en vitamines voor de immunologische afweer | Alvityl\u00ae Weerstand","description":"Ontdek ons assortiment vitamines dat speciaal ontwikkeld is om uw immuunsysteem te versterken: vitamine D, C, zink en natuurlijke ingredi\u00ebnten.","robots":{"index":"index","follow":"follow","max-snippet":"max-snippet:-1","max-image-preview":"max-image-preview:large","max-video-preview":"max-video-preview:-1"},"canonical":"https:\/\/alvityl.be\/nl\/weerstand\/","og_locale":"nl_NL","og_type":"article","og_title":"Voedingssupplementen en vitamines voor de immunologische afweer | Alvityl\u00ae Weerstand","og_description":"Ontdek ons assortiment vitamines dat speciaal ontwikkeld is om uw immuunsysteem te versterken: vitamine D, C, zink en natuurlijke ingredi\u00ebnten.","og_url":"https:\/\/alvityl.be\/nl\/weerstand\/","og_site_name":"Alvityl","article_modified_time":"2024-10-21T13:22:57+00:00","og_image":[{"width":141,"height":60,"url":"https:\/\/alvityl.be\/wp-content\/uploads\/2012\/11\/logo-footer.png","type":"image\/png"}],"twitter_card":"summary_large_image","twitter_misc":{"Geschatte leestijd":"5 minuten"},"schema":{"@context":"https:\/\/schema.org","@graph":[{"@type":"WebPage","@id":"https:\/\/alvityl.be\/nl\/weerstand\/","url":"https:\/\/alvityl.be\/nl\/weerstand\/","name":"Voedingssupplementen en vitamines voor de immunologische afweer | Alvityl\u00ae Weerstand","isPartOf":{"@id":"https:\/\/alvityl.be\/nl\/#website"},"datePublished":"2019-06-04T13:47:13+00:00","dateModified":"2024-10-21T13:22:57+00:00","description":"Ontdek ons assortiment vitamines dat speciaal ontwikkeld is om uw immuunsysteem te versterken: vitamine D, C, zink en natuurlijke ingredi\u00ebnten.","breadcrumb":{"@id":"https:\/\/alvityl.be\/nl\/weerstand\/#breadcrumb"},"inLanguage":"nl-NL","potentialAction":[{"@type":"ReadAction","target":["https:\/\/alvityl.be\/nl\/weerstand\/"]}]},{"@type":"BreadcrumbList","@id":"https:\/\/alvityl.be\/nl\/weerstand\/#breadcrumb","itemListElement":[{"@type":"ListItem","position":1,"name":"Home","item":"https:\/\/alvityl.be\/nl\/"},{"@type":"ListItem","position":2,"name":"Vitamines voor de immunologische afweer | Alvityl\u00ae Weerstand"}]},{"@type":"WebSite","@id":"https:\/\/alvityl.be\/nl\/#website","url":"https:\/\/alvityl.be\/nl\/","name":"Alvityl","description":"","publisher":{"@id":"https:\/\/alvityl.be\/nl\/#organization"},"potentialAction":[{"@type":"SearchAction","target":{"@type":"EntryPoint","urlTemplate":"https:\/\/alvityl.be\/nl\/?s={search_term_string}"},"query-input":{"@type":"PropertyValueSpecification","valueRequired":true,"valueName":"search_term_string"}}],"inLanguage":"nl-NL"},{"@type":"Organization","@id":"https:\/\/alvityl.be\/nl\/#organization","name":"Alvityl","url":"https:\/\/alvityl.be\/nl\/","logo":{"@type":"ImageObject","inLanguage":"nl-NL","@id":"https:\/\/alvityl.be\/nl\/#\/schema\/logo\/image\/","url":"https:\/\/alvityl.be\/wp-content\/uploads\/2012\/11\/logo-footer.png","contentUrl":"https:\/\/alvityl.be\/wp-content\/uploads\/2012\/11\/logo-footer.png","width":141,"height":60,"caption":"Alvityl"},"image":{"@id":"https:\/\/alvityl.be\/nl\/#\/schema\/logo\/image\/"}}]}},"_links":{"self":[{"href":"https:\/\/alvityl.be\/nl\/wp-json\/wp\/v2\/pages\/13170","targetHints":{"allow":["GET"]}}],"collection":[{"href":"https:\/\/alvityl.be\/nl\/wp-json\/wp\/v2\/pages"}],"about":[{"href":"https:\/\/alvityl.be\/nl\/wp-json\/wp\/v2\/types\/page"}],"author":[{"embeddable":true,"href":"https:\/\/alvityl.be\/nl\/wp-json\/wp\/v2\/users\/25"}],"replies":[{"embeddable":true,"href":"https:\/\/alvityl.be\/nl\/wp-json\/wp\/v2\/comments?post=13170"}],"version-history":[{"count":13,"href":"https:\/\/alvityl.be\/nl\/wp-json\/wp\/v2\/pages\/13170\/revisions"}],"predecessor-version":[{"id":15659,"href":"https:\/\/alvityl.be\/nl\/wp-json\/wp\/v2\/pages\/13170\/revisions\/15659"}],"wp:attachment":[{"href":"https:\/\/alvityl.be\/nl\/wp-json\/wp\/v2\/media?parent=13170"}],"curies":[{"name":"wp","href":"https:\/\/api.w.org\/{rel}","templated":true}]}}